{"id":6751,"date":"2022-12-10T11:54:53","date_gmt":"2022-12-10T10:54:53","guid":{"rendered":"https:\/\/www.acquaforte.eu\/privacy-gdpr\/"},"modified":"2025-03-29T08:29:40","modified_gmt":"2025-03-29T07:29:40","slug":"privacy-gdpr","status":"publish","type":"page","link":"https:\/\/www.acquaforte.eu\/fr\/privacy-gdpr\/","title":{"rendered":"Privacy GDPR"},"content":{"rendered":"\t\t<div data-elementor-type=\"wp-page\" data-elementor-id=\"6751\" class=\"elementor elementor-6751 elementor-4728\" data-elementor-post-type=\"page\">\n\t\t\t\t\t\t<section class=\"elementor-section elementor-top-section elementor-element elementor-element-6d1f10d elementor-section-boxed elementor-section-height-default elementor-section-height-default\" data-id=\"6d1f10d\" data-element_type=\"section\" data-e-type=\"section\">\n\t\t\t\t\t\t<div class=\"elementor-container elementor-column-gap-default\">\n\t\t\t\t\t<div class=\"elementor-column elementor-col-100 elementor-top-column elementor-element elementor-element-b008a09\" data-id=\"b008a09\" data-element_type=\"column\" data-e-type=\"column\">\n\t\t\t<div class=\"elementor-widget-wrap elementor-element-populated\">\n\t\t\t\t\t\t<div class=\"elementor-element elementor-element-0ddffc5 elementor-widget elementor-widget-heading\" data-id=\"0ddffc5\" data-element_type=\"widget\" data-e-type=\"widget\" data-widget_type=\"heading.default\">\n\t\t\t\t<div class=\"elementor-widget-container\">\n\t\t\t\t\t<h2 class=\"elementor-heading-title elementor-size-default\">R\u00e8glement g\u00e9n\u00e9ral sur la protection des donn\u00e9es (RGPD) - R\u00e8glement (UE) 2016\/679<\/h2>\t\t\t\t<\/div>\n\t\t\t\t<\/div>\n\t\t\t\t\t<\/div>\n\t\t<\/div>\n\t\t\t\t\t<\/div>\n\t\t<\/section>\n\t\t\t\t<section class=\"elementor-section elementor-top-section elementor-element elementor-element-62955f2 elementor-section-boxed elementor-section-height-default elementor-section-height-default\" data-id=\"62955f2\" data-element_type=\"section\" data-e-type=\"section\">\n\t\t\t\t\t\t<div class=\"elementor-container elementor-column-gap-default\">\n\t\t\t\t\t<div class=\"elementor-column elementor-col-100 elementor-top-column elementor-element elementor-element-d218569\" data-id=\"d218569\" data-element_type=\"column\" data-e-type=\"column\">\n\t\t\t<div class=\"elementor-widget-wrap elementor-element-populated\">\n\t\t\t\t\t\t<div class=\"elementor-element elementor-element-03c8b6a elementor-widget elementor-widget-text-editor\" data-id=\"03c8b6a\" data-element_type=\"widget\" data-e-type=\"widget\" data-widget_type=\"text-editor.default\">\n\t\t\t\t<div class=\"elementor-widget-container\">\n\t\t\t\t\t\t\t\t\t<p>Avant-propos<\/p><p>Alice s.r.l. consid\u00e8re que le respect et la protection des donn\u00e9es personnelles sont d\u2019une importance fondamentale. Cette page contient les principales informations r\u00e9dig\u00e9es \u00e0 l\u2019intention des personnes concern\u00e9es, mises \u00e0 jour avec la derni\u00e8re version disponible.<br \/>Pour plus d\u2019informations ou de pr\u00e9cisions concernant ces notes d\u2019information, ou en g\u00e9n\u00e9ral sur le traitement des donn\u00e9es effectu\u00e9 par Alice s.r.l., veuillez contacter l\u2019adresse e-mail <a href=\"mailto:privacy@acquaforte.eu\">privacy@acquaforte.eu<\/a>.<\/p>\t\t\t\t\t\t\t\t<\/div>\n\t\t\t\t<\/div>\n\t\t\t\t\t<\/div>\n\t\t<\/div>\n\t\t\t\t\t<\/div>\n\t\t<\/section>\n\t\t\t\t<section class=\"elementor-section elementor-top-section elementor-element elementor-element-3210b36 elementor-section-boxed elementor-section-height-default elementor-section-height-default\" data-id=\"3210b36\" data-element_type=\"section\" data-e-type=\"section\">\n\t\t\t\t\t\t<div class=\"elementor-container elementor-column-gap-default\">\n\t\t\t\t\t<div class=\"elementor-column elementor-col-100 elementor-top-column elementor-element elementor-element-7d5de35\" data-id=\"7d5de35\" data-element_type=\"column\" data-e-type=\"column\">\n\t\t\t<div class=\"elementor-widget-wrap elementor-element-populated\">\n\t\t\t\t\t\t<div class=\"elementor-element elementor-element-87548b9 elementor-widget elementor-widget-text-editor\" data-id=\"87548b9\" data-element_type=\"widget\" data-e-type=\"widget\" data-widget_type=\"text-editor.default\">\n\t\t\t\t<div class=\"elementor-widget-container\">\n\t\t\t\t\t\t\t\t\t<p>\u00a0<\/p><table><tbody><tr><td width=\"50%\">Website\u00a0 Surfers\u2019 Privacy Policy<\/td><td width=\"50%\"><a href=\"https:\/\/www.privacylab.it\/informativa.php?10929491559&amp;lang=en\" target=\"_blank\" rel=\"nofollow noopener sponsored\">https:\/\/www.privacylab.it\/informativa.php?10929491559&amp;lang=en<\/a><\/td><\/tr><tr><td width=\"50%\">Customer Privacy Policy<\/td><td width=\"50%\"><a href=\"https:\/\/www.privacylab.it\/informativa.php?10929492753&amp;lang=en\" target=\"_blank\" rel=\"nofollow noopener sponsored\">https:\/\/www.privacylab.it\/informativa.php?10929492753&amp;lang=en<\/a><\/td><\/tr><tr><td width=\"50%\"><p>Job Applicant\u2019s Privacy Policy<\/p><\/td><td width=\"50%\"><a href=\"https:\/\/www.privacylab.it\/informativa.php?10929359290&amp;lang=en\" target=\"_blank\" rel=\"nofollow noopener sponsored\">https:\/\/www.privacylab.it\/informativa.php?10929359290&amp;lang=en<\/a><\/td><\/tr><tr><td width=\"50%\">Tour guides\u2019 Privacy Policy<\/td><td width=\"50%\"><a href=\"https:\/\/www.privacylab.it\/informativa.php?10929491910&amp;lang=en\" target=\"_blank\" rel=\"nofollow noopener sponsored\">https:\/\/www.privacylab.it\/informativa.php?10929491910&amp;lang=en<\/a><\/td><\/tr><tr><td width=\"50%\">Customer Companies Representatives Privacy Policy<\/td><td width=\"50%\"><a href=\"https:\/\/www.privacylab.it\/informativa.php?10929349445&amp;lang=en\" target=\"_blank\" rel=\"nofollow noopener sponsored\">https:\/\/www.privacylab.it\/informativa.php?10929349445&amp;lang=en<\/a><\/td><\/tr><tr><td width=\"50%\"><p>Suppliers Privacy Policy<\/p><\/td><td width=\"50%\"><a href=\"https:\/\/www.privacylab.it\/informativa.php?10929359288&amp;lang=en\" target=\"_blank\" rel=\"nofollow noopener sponsored\">https:\/\/www.privacylab.it\/informativa.php?10929359288&amp;lang=en<\/a><\/td><\/tr><\/tbody><\/table>\t\t\t\t\t\t\t\t<\/div>\n\t\t\t\t<\/div>\n\t\t\t\t\t<\/div>\n\t\t<\/div>\n\t\t\t\t\t<\/div>\n\t\t<\/section>\n\t\t<div class=\"elementor-element elementor-element-d5e487c e-flex e-con-boxed e-con e-parent\" data-id=\"d5e487c\" data-element_type=\"container\" data-e-type=\"container\">\n\t\t\t\t\t<div class=\"e-con-inner\">\n\t\t\t\t<div class=\"elementor-element elementor-element-64706ac elementor-widget elementor-widget-text-editor\" data-id=\"64706ac\" data-element_type=\"widget\" data-e-type=\"widget\" data-widget_type=\"text-editor.default\">\n\t\t\t\t<div class=\"elementor-widget-container\">\n\t\t\t\t\t\t\t\t\t<p>Nomination du responsable du traitement des donn\u00e9es: annexe 1 <a href=\"https:\/\/www.acquaforte.eu\/wp-content\/uploads\/Nomina_Responsabile_Servizio_Turistico.pdf\" target=\"_blank\" rel=\"nofollow noopener sponsored\">Nomina_Responsabile_Servizio_Turistico<\/a><\/p>\t\t\t\t\t\t\t\t<\/div>\n\t\t\t\t<\/div>\n\t\t\t\t\t<\/div>\n\t\t\t\t<\/div>\n\t\t\t\t<\/div>\n\t\t","protected":false},"excerpt":{"rendered":"<p>R\u00e8glement g\u00e9n\u00e9ral sur la protection des donn\u00e9es (RGPD) &#8211; R\u00e8glement (UE) 2016\/679 Avant-propos Alice s.r.l. consid\u00e8re que le respect et la protection des donn\u00e9es personnelles sont d\u2019une importance fondamentale. Cette page contient les principales informations r\u00e9dig\u00e9es \u00e0 l\u2019intention des personnes concern\u00e9es, mises \u00e0 jour avec la derni\u00e8re version disponible.Pour plus d\u2019informations ou de pr\u00e9cisions concernant [&hellip;]<\/p>\n","protected":false},"author":1,"featured_media":0,"parent":0,"menu_order":0,"comment_status":"closed","ping_status":"closed","template":"elementor_header_footer","meta":{"footnotes":""},"hf_cat_page":[42],"class_list":["post-6751","page","type-page","status-publish","hentry"],"_links":{"self":[{"href":"https:\/\/www.acquaforte.eu\/fr\/wp-json\/wp\/v2\/pages\/6751","targetHints":{"allow":["GET"]}}],"collection":[{"href":"https:\/\/www.acquaforte.eu\/fr\/wp-json\/wp\/v2\/pages"}],"about":[{"href":"https:\/\/www.acquaforte.eu\/fr\/wp-json\/wp\/v2\/types\/page"}],"author":[{"embeddable":true,"href":"https:\/\/www.acquaforte.eu\/fr\/wp-json\/wp\/v2\/users\/1"}],"replies":[{"embeddable":true,"href":"https:\/\/www.acquaforte.eu\/fr\/wp-json\/wp\/v2\/comments?post=6751"}],"version-history":[{"count":4,"href":"https:\/\/www.acquaforte.eu\/fr\/wp-json\/wp\/v2\/pages\/6751\/revisions"}],"predecessor-version":[{"id":9595,"href":"https:\/\/www.acquaforte.eu\/fr\/wp-json\/wp\/v2\/pages\/6751\/revisions\/9595"}],"wp:attachment":[{"href":"https:\/\/www.acquaforte.eu\/fr\/wp-json\/wp\/v2\/media?parent=6751"}],"wp:term":[{"taxonomy":"hf_cat_page","embeddable":true,"href":"https:\/\/www.acquaforte.eu\/fr\/wp-json\/wp\/v2\/hf_cat_page?post=6751"}],"curies":[{"name":"wp","href":"https:\/\/api.w.org\/{rel}","templated":true}]}}