{"id":7441,"date":"2022-11-10T18:07:49","date_gmt":"2022-11-10T17:07:49","guid":{"rendered":"https:\/\/www.acquaforte.eu\/spanien-reise-fuer-metzger\/"},"modified":"2024-02-16T06:32:19","modified_gmt":"2024-02-16T05:32:19","slug":"spanien-reise-fuer-metzger","status":"publish","type":"page","link":"https:\/\/www.acquaforte.eu\/de\/spanien-reise-fuer-metzger\/","title":{"rendered":"Spanien-Reise f\u00fcr Metzger"},"content":{"rendered":"\t\t<div data-elementor-type=\"wp-page\" data-elementor-id=\"7441\" class=\"elementor elementor-7441 elementor-4227\" data-elementor-post-type=\"page\">\n\t\t\t\t\t\t<section class=\"elementor-section elementor-top-section elementor-element elementor-element-a2e5cbf elementor-section-full_width elementor-section-height-default elementor-section-height-default\" data-id=\"a2e5cbf\" data-element_type=\"section\" data-e-type=\"section\" id=\"testata\" data-settings=\"{&quot;background_background&quot;:&quot;classic&quot;}\">\n\t\t\t\t\t\t<div class=\"elementor-container elementor-column-gap-no\">\n\t\t\t\t\t<div class=\"elementor-column elementor-col-50 elementor-top-column elementor-element elementor-element-32d5fd6\" data-id=\"32d5fd6\" data-element_type=\"column\" data-e-type=\"column\">\n\t\t\t<div class=\"elementor-widget-wrap elementor-element-populated\">\n\t\t\t\t\t\t<section class=\"elementor-section elementor-inner-section elementor-element elementor-element-0200052 elementor-section-boxed elementor-section-height-default elementor-section-height-default\" data-id=\"0200052\" data-element_type=\"section\" data-e-type=\"section\">\n\t\t\t\t\t\t<div class=\"elementor-container elementor-column-gap-default\">\n\t\t\t\t\t<div class=\"elementor-column elementor-col-50 elementor-inner-column elementor-element elementor-element-efa845b\" data-id=\"efa845b\" data-element_type=\"column\" data-e-type=\"column\">\n\t\t\t<div class=\"elementor-widget-wrap elementor-element-populated\">\n\t\t\t\t\t\t<div class=\"elementor-element elementor-element-38487da elementor-widget elementor-widget-heading\" data-id=\"38487da\" data-element_type=\"widget\" data-e-type=\"widget\" data-widget_type=\"heading.default\">\n\t\t\t\t<div class=\"elementor-widget-container\">\n\t\t\t\t\t<h1 class=\"elementor-heading-title elementor-size-default\">SPANIEN<\/h1>\t\t\t\t<\/div>\n\t\t\t\t<\/div>\n\t\t\t\t\t<\/div>\n\t\t<\/div>\n\t\t\t\t<div class=\"elementor-column elementor-col-50 elementor-inner-column elementor-element elementor-element-bc1108d\" data-id=\"bc1108d\" data-element_type=\"column\" data-e-type=\"column\">\n\t\t\t<div class=\"elementor-widget-wrap\">\n\t\t\t\t\t\t\t<\/div>\n\t\t<\/div>\n\t\t\t\t\t<\/div>\n\t\t<\/section>\n\t\t\t\t<section class=\"elementor-section elementor-inner-section elementor-element elementor-element-3066196 elementor-section-boxed elementor-section-height-default elementor-section-height-default\" data-id=\"3066196\" data-element_type=\"section\" data-e-type=\"section\">\n\t\t\t\t\t\t<div class=\"elementor-container elementor-column-gap-default\">\n\t\t\t\t\t<div class=\"elementor-column elementor-col-100 elementor-inner-column elementor-element elementor-element-4ea2438\" data-id=\"4ea2438\" data-element_type=\"column\" data-e-type=\"column\">\n\t\t\t<div class=\"elementor-widget-wrap elementor-element-populated\">\n\t\t\t\t\t\t<div class=\"elementor-element elementor-element-0c5f30e elementor-widget elementor-widget-heading\" data-id=\"0c5f30e\" data-element_type=\"widget\" data-e-type=\"widget\" data-widget_type=\"heading.default\">\n\t\t\t\t<div class=\"elementor-widget-container\">\n\t\t\t\t\t<h2 class=\"elementor-heading-title elementor-size-default\">Eine Reise f\u00fcr neugierige Metzger und Fleischliebhaber<\/h2>\t\t\t\t<\/div>\n\t\t\t\t<\/div>\n\t\t\t\t\t<\/div>\n\t\t<\/div>\n\t\t\t\t\t<\/div>\n\t\t<\/section>\n\t\t\t\t\t<\/div>\n\t\t<\/div>\n\t\t\t\t<div class=\"elementor-column elementor-col-50 elementor-top-column elementor-element elementor-element-5c09323\" data-id=\"5c09323\" data-element_type=\"column\" data-e-type=\"column\">\n\t\t\t<div class=\"elementor-widget-wrap elementor-element-populated\">\n\t\t\t\t\t\t<section class=\"elementor-section elementor-inner-section elementor-element elementor-element-341f80c elementor-section-boxed elementor-section-height-default elementor-section-height-default\" data-id=\"341f80c\" data-element_type=\"section\" data-e-type=\"section\">\n\t\t\t\t\t\t<div class=\"elementor-container elementor-column-gap-default\">\n\t\t\t\t\t<div class=\"elementor-column elementor-col-100 elementor-inner-column elementor-element elementor-element-7ca9c02\" data-id=\"7ca9c02\" data-element_type=\"column\" data-e-type=\"column\" data-settings=\"{&quot;background_background&quot;:&quot;classic&quot;}\">\n\t\t\t<div class=\"elementor-widget-wrap elementor-element-populated\">\n\t\t\t\t\t\t<div class=\"elementor-element elementor-element-dd69d92 elementor-widget elementor-widget-heading\" data-id=\"dd69d92\" data-element_type=\"widget\" data-e-type=\"widget\" data-widget_type=\"heading.default\">\n\t\t\t\t<div class=\"elementor-widget-container\">\n\t\t\t\t\t<div class=\"elementor-heading-title elementor-size-default\">Wichtige Punkte:<\/div>\t\t\t\t<\/div>\n\t\t\t\t<\/div>\n\t\t\t\t<div class=\"elementor-element elementor-element-c44cfcc elementor-widget elementor-widget-text-editor\" data-id=\"c44cfcc\" data-element_type=\"widget\" data-e-type=\"widget\" data-widget_type=\"text-editor.default\">\n\t\t\t\t<div class=\"elementor-widget-container\">\n\t\t\t\t\t\t\t\t\t<p><strong>Ort<\/strong>: London und Umgebung, Anreise per Flug \u00fcber London.<\/p>\n<p><strong>Art der Reise<\/strong>: Begleitete landwirtschaftliche Studienreise, individuell gestaltbar.<\/p>\n<p><strong>Aktivit\u00e4ten<\/strong>: 3-t\u00e4gige Tour mit privaten Einrichtungen, technischen und kulturellen Besichtigungen.<\/p>\n<p><strong>Tempo<\/strong>: Langsam, nicht geeignet f\u00fcr Behinderte oder Mobilit\u00e4tseingeschr\u00e4nkte.<\/p>\n<p><strong>Beste Reisezeit<\/strong>: April bis Oktober<\/p>\n\t\t\t\t\t\t\t\t<\/div>\n\t\t\t\t<\/div>\n\t\t\t\t\t<\/div>\n\t\t<\/div>\n\t\t\t\t\t<\/div>\n\t\t<\/section>\n\t\t\t\t\t<\/div>\n\t\t<\/div>\n\t\t\t\t\t<\/div>\n\t\t<\/section>\n\t\t\t\t<section class=\"elementor-section elementor-top-section elementor-element elementor-element-3af5c54 elementor-section-full_width elementor-section-height-default elementor-section-height-default\" data-id=\"3af5c54\" data-element_type=\"section\" data-e-type=\"section\">\n\t\t\t\t\t\t<div class=\"elementor-container elementor-column-gap-no\">\n\t\t\t\t\t<div class=\"elementor-column elementor-col-100 elementor-top-column elementor-element elementor-element-40049a4\" data-id=\"40049a4\" data-element_type=\"column\" data-e-type=\"column\">\n\t\t\t<div class=\"elementor-widget-wrap elementor-element-populated\">\n\t\t\t\t\t\t<div class=\"elementor-element elementor-element-0f8af0e elementor-widget elementor-widget-template\" data-id=\"0f8af0e\" data-element_type=\"widget\" data-e-type=\"widget\" data-widget_type=\"template.default\">\n\t\t\t\t<div class=\"elementor-widget-container\">\n\t\t\t\t\t\t\t<div class=\"elementor-template\">\n\t\t\t\t\t<div data-elementor-type=\"section\" data-elementor-id=\"7503\" class=\"elementor elementor-7503 elementor-2458 elementor-2458\" data-elementor-post-type=\"elementor_library\">\n\t\t\t\t\t<section class=\"elementor-section elementor-top-section elementor-element elementor-element-4d61d8f0 elementor-section-content-middle elementor-hidden-mobile elementor-section-boxed elementor-section-height-default elementor-section-height-default\" data-id=\"4d61d8f0\" data-element_type=\"section\" data-e-type=\"section\" data-settings=\"{&quot;background_background&quot;:&quot;gradient&quot;}\">\n\t\t\t\t\t\t<div class=\"elementor-container elementor-column-gap-narrow\">\n\t\t\t\t\t<div class=\"elementor-column elementor-col-50 elementor-top-column elementor-element elementor-element-28e71c58\" data-id=\"28e71c58\" data-element_type=\"column\" data-e-type=\"column\">\n\t\t\t<div class=\"elementor-widget-wrap elementor-element-populated\">\n\t\t\t\t\t\t<div class=\"elementor-element elementor-element-f8a5197 elementor-widget elementor-widget-heading\" data-id=\"f8a5197\" data-element_type=\"widget\" data-e-type=\"widget\" data-widget_type=\"heading.default\">\n\t\t\t\t<div class=\"elementor-widget-container\">\n\t\t\t\t\t<span class=\"elementor-heading-title elementor-size-default\">Ben\u00f6tigen Sie weitere Informationen? Rufen Sie uns an!<\/span>\t\t\t\t<\/div>\n\t\t\t\t<\/div>\n\t\t\t\t\t<\/div>\n\t\t<\/div>\n\t\t\t\t<div class=\"elementor-column elementor-col-50 elementor-top-column elementor-element elementor-element-7ece97a0\" data-id=\"7ece97a0\" data-element_type=\"column\" data-e-type=\"column\">\n\t\t\t<div class=\"elementor-widget-wrap elementor-element-populated\">\n\t\t\t\t\t\t<div class=\"elementor-element elementor-element-909cbf1 elementor-align-left elementor-widget elementor-widget-button\" data-id=\"909cbf1\" data-element_type=\"widget\" data-e-type=\"widget\" data-widget_type=\"button.default\">\n\t\t\t\t<div class=\"elementor-widget-container\">\n\t\t\t\t\t\t\t\t\t<div class=\"elementor-button-wrapper\">\n\t\t\t\t\t<a class=\"elementor-button elementor-button-link elementor-size-md\" href=\"tel:+39041464700\" target=\"_blank\">\n\t\t\t\t\t\t<span class=\"elementor-button-content-wrapper\">\n\t\t\t\t\t\t<span class=\"elementor-button-icon\">\n\t\t\t\t<i aria-hidden=\"true\" class=\"fas fa-phone\"><\/i>\t\t\t<\/span>\n\t\t\t\t\t\t\t\t\t<span class=\"elementor-button-text\">041.464700<\/span>\n\t\t\t\t\t<\/span>\n\t\t\t\t\t<\/a>\n\t\t\t\t<\/div>\n\t\t\t\t\t\t\t\t<\/div>\n\t\t\t\t<\/div>\n\t\t\t\t\t<\/div>\n\t\t<\/div>\n\t\t\t\t\t<\/div>\n\t\t<\/section>\n\t\t\t\t<section class=\"elementor-section elementor-top-section elementor-element elementor-element-8b2bc3a elementor-section-content-middle elementor-hidden-desktop elementor-hidden-tablet elementor-section-boxed elementor-section-height-default elementor-section-height-default\" data-id=\"8b2bc3a\" data-element_type=\"section\" data-e-type=\"section\" data-settings=\"{&quot;background_background&quot;:&quot;gradient&quot;}\">\n\t\t\t\t\t\t<div class=\"elementor-container elementor-column-gap-narrow\">\n\t\t\t\t\t<div class=\"elementor-column elementor-col-100 elementor-top-column elementor-element elementor-element-c079434\" data-id=\"c079434\" data-element_type=\"column\" data-e-type=\"column\">\n\t\t\t<div class=\"elementor-widget-wrap elementor-element-populated\">\n\t\t\t\t\t\t<div class=\"elementor-element elementor-element-86e6ad9 elementor-widget elementor-widget-heading\" data-id=\"86e6ad9\" data-element_type=\"widget\" data-e-type=\"widget\" data-widget_type=\"heading.default\">\n\t\t\t\t<div class=\"elementor-widget-container\">\n\t\t\t\t\t<span class=\"elementor-heading-title elementor-size-default\">Ben\u00f6tigen Sie weitere Informationen? Rufen Sie uns an!<\/span>\t\t\t\t<\/div>\n\t\t\t\t<\/div>\n\t\t\t\t<div class=\"elementor-element elementor-element-421110d elementor-align-center elementor-widget elementor-widget-button\" data-id=\"421110d\" data-element_type=\"widget\" data-e-type=\"widget\" data-widget_type=\"button.default\">\n\t\t\t\t<div class=\"elementor-widget-container\">\n\t\t\t\t\t\t\t\t\t<div class=\"elementor-button-wrapper\">\n\t\t\t\t\t<a class=\"elementor-button elementor-button-link elementor-size-md\" href=\"tel:+39041464700\" target=\"_blank\">\n\t\t\t\t\t\t<span class=\"elementor-button-content-wrapper\">\n\t\t\t\t\t\t<span class=\"elementor-button-icon\">\n\t\t\t\t<i aria-hidden=\"true\" class=\"fas fa-phone\"><\/i>\t\t\t<\/span>\n\t\t\t\t\t\t\t\t\t<span class=\"elementor-button-text\">041.464700<\/span>\n\t\t\t\t\t<\/span>\n\t\t\t\t\t<\/a>\n\t\t\t\t<\/div>\n\t\t\t\t\t\t\t\t<\/div>\n\t\t\t\t<\/div>\n\t\t\t\t\t<\/div>\n\t\t<\/div>\n\t\t\t\t\t<\/div>\n\t\t<\/section>\n\t\t\t\t<\/div>\n\t\t\t\t<\/div>\n\t\t\t\t\t\t<\/div>\n\t\t\t\t<\/div>\n\t\t\t\t\t<\/div>\n\t\t<\/div>\n\t\t\t\t\t<\/div>\n\t\t<\/section>\n\t\t\t\t<section class=\"elementor-section elementor-top-section elementor-element elementor-element-e9310ea elementor-section-boxed elementor-section-height-default elementor-section-height-default\" data-id=\"e9310ea\" data-element_type=\"section\" data-e-type=\"section\" id=\"riassunto\" data-settings=\"{&quot;background_background&quot;:&quot;classic&quot;}\">\n\t\t\t\t\t\t<div class=\"elementor-container elementor-column-gap-default\">\n\t\t\t\t\t<div class=\"elementor-column elementor-col-100 elementor-top-column elementor-element elementor-element-1237929\" data-id=\"1237929\" data-element_type=\"column\" data-e-type=\"column\">\n\t\t\t<div class=\"elementor-widget-wrap elementor-element-populated\">\n\t\t\t\t\t\t<section class=\"elementor-section elementor-inner-section elementor-element elementor-element-03ac2df elementor-section-boxed elementor-section-height-default elementor-section-height-default\" data-id=\"03ac2df\" data-element_type=\"section\" data-e-type=\"section\" data-settings=\"{&quot;background_background&quot;:&quot;classic&quot;}\">\n\t\t\t\t\t\t<div class=\"elementor-container elementor-column-gap-default\">\n\t\t\t\t\t<div class=\"elementor-column elementor-col-100 elementor-inner-column elementor-element elementor-element-c30a3fa\" data-id=\"c30a3fa\" data-element_type=\"column\" data-e-type=\"column\">\n\t\t\t<div class=\"elementor-widget-wrap elementor-element-populated\">\n\t\t\t\t\t\t<div class=\"elementor-element elementor-element-f50f7c6 elementor-widget elementor-widget-heading\" data-id=\"f50f7c6\" data-element_type=\"widget\" data-e-type=\"widget\" data-widget_type=\"heading.default\">\n\t\t\t\t<div class=\"elementor-widget-container\">\n\t\t\t\t\t<div class=\"elementor-heading-title elementor-size-default\">ZUSAMMENFASSUNG DES PAKETS<\/div>\t\t\t\t<\/div>\n\t\t\t\t<\/div>\n\t\t\t\t<div class=\"elementor-element elementor-element-96b28d4 elementor-widget elementor-widget-text-editor\" data-id=\"96b28d4\" data-element_type=\"widget\" data-e-type=\"widget\" data-widget_type=\"text-editor.default\">\n\t\t\t\t<div class=\"elementor-widget-container\">\n\t\t\t\t\t\t\t\t\t<p>Kurzer Studienaufenthalt zur <strong>Entdeckung der spanischen Rindfleischindustrie<\/strong> bei Spitzenunternehmen. Gelegenheiten f\u00fcr Wachstum und interessanten Austausch f\u00fcr die Teilnehmer. <strong>Geeignet f\u00fcr Viehz\u00fcchter, Metzger und neugierige Menschen<\/strong>, die Fleisch lieben und verstehen wollen, was auf ihrem Teller liegt!<\/p>\n\t\t\t\t\t\t\t\t<\/div>\n\t\t\t\t<\/div>\n\t\t\t\t\t<\/div>\n\t\t<\/div>\n\t\t\t\t\t<\/div>\n\t\t<\/section>\n\t\t\t\t\t<\/div>\n\t\t<\/div>\n\t\t\t\t\t<\/div>\n\t\t<\/section>\n\t\t\t\t<section class=\"elementor-section elementor-top-section elementor-element elementor-element-a540266 elementor-section-boxed elementor-section-height-default elementor-section-height-default\" data-id=\"a540266\" data-element_type=\"section\" data-e-type=\"section\" id=\"programmahead\" data-settings=\"{&quot;background_background&quot;:&quot;classic&quot;}\">\n\t\t\t\t\t\t<div class=\"elementor-container elementor-column-gap-default\">\n\t\t\t\t\t<div class=\"elementor-column elementor-col-100 elementor-top-column elementor-element elementor-element-0dda015\" data-id=\"0dda015\" data-element_type=\"column\" data-e-type=\"column\">\n\t\t\t<div class=\"elementor-widget-wrap elementor-element-populated\">\n\t\t\t\t\t\t<div class=\"elementor-element elementor-element-f506f8b elementor-widget elementor-widget-heading\" data-id=\"f506f8b\" data-element_type=\"widget\" data-e-type=\"widget\" data-widget_type=\"heading.default\">\n\t\t\t\t<div class=\"elementor-widget-container\">\n\t\t\t\t\t<div class=\"elementor-heading-title elementor-size-default\">ACQUAFORTE<\/div>\t\t\t\t<\/div>\n\t\t\t\t<\/div>\n\t\t\t\t<div class=\"elementor-element elementor-element-d388b45 elementor-widget elementor-widget-heading\" data-id=\"d388b45\" data-element_type=\"widget\" data-e-type=\"widget\" data-widget_type=\"heading.default\">\n\t\t\t\t<div class=\"elementor-widget-container\">\n\t\t\t\t\t<div class=\"elementor-heading-title elementor-size-default\">Programm <\/br>Anpassbar<\/div>\t\t\t\t<\/div>\n\t\t\t\t<\/div>\n\t\t\t\t\t<\/div>\n\t\t<\/div>\n\t\t\t\t\t<\/div>\n\t\t<\/section>\n\t\t\t\t<section class=\"elementor-section elementor-top-section elementor-element elementor-element-65b77f8 elementor-section-boxed elementor-section-height-default elementor-section-height-default\" data-id=\"65b77f8\" data-element_type=\"section\" data-e-type=\"section\" id=\"programma\" data-settings=\"{&quot;background_background&quot;:&quot;classic&quot;}\">\n\t\t\t\t\t\t<div class=\"elementor-container elementor-column-gap-default\">\n\t\t\t\t\t<div class=\"elementor-column elementor-col-100 elementor-top-column elementor-element elementor-element-9d31bd1\" data-id=\"9d31bd1\" data-element_type=\"column\" data-e-type=\"column\">\n\t\t\t<div class=\"elementor-widget-wrap elementor-element-populated\">\n\t\t\t\t\t\t<section class=\"elementor-section elementor-inner-section elementor-element elementor-element-51e3e55 elementor-section-boxed elementor-section-height-default elementor-section-height-default\" data-id=\"51e3e55\" data-element_type=\"section\" data-e-type=\"section\" data-settings=\"{&quot;background_background&quot;:&quot;classic&quot;}\">\n\t\t\t\t\t\t<div class=\"elementor-container elementor-column-gap-default\">\n\t\t\t\t\t<div class=\"elementor-column elementor-col-100 elementor-inner-column elementor-element elementor-element-fe3f0a6\" data-id=\"fe3f0a6\" data-element_type=\"column\" data-e-type=\"column\">\n\t\t\t<div class=\"elementor-widget-wrap elementor-element-populated\">\n\t\t\t\t\t\t<div class=\"elementor-element elementor-element-5c960fe elementor-widget elementor-widget-heading\" data-id=\"5c960fe\" data-element_type=\"widget\" data-e-type=\"widget\" data-widget_type=\"heading.default\">\n\t\t\t\t<div class=\"elementor-widget-container\">\n\t\t\t\t\t<h2 class=\"elementor-heading-title elementor-size-default\">01 TAG - ITALIEN \/MADRID<\/h2>\t\t\t\t<\/div>\n\t\t\t\t<\/div>\n\t\t\t\t<div class=\"elementor-element elementor-element-8f59265 elementor-widget elementor-widget-text-editor\" data-id=\"8f59265\" data-element_type=\"widget\" data-e-type=\"widget\" data-widget_type=\"text-editor.default\">\n\t\t\t\t<div class=\"elementor-widget-container\">\n\t\t\t\t\t\t\t\t\t<p>Morgens Abholung am Abflughafen und Flug zum Linienflug nach <strong>Madrid<\/strong>. Ausschiffung am fr\u00fchen Nachmittag und Transfer mit dem Bus. Unterbringung in einem Hotel. <strong>Gef\u00fchrter Rundgang durch die Stadt<\/strong>, die von den Gipfeln der Sierra de Guadarrama \u00fcberragt wird. Sie besichtigen u.a. den <strong>K\u00f6nigspalast<\/strong> (Eintritt inklusive) und die <strong>Plaza Mayor.<\/strong> Die Stadt ist ber\u00fchmt f\u00fcr ihr Nachtleben und beherbergt einige der sch\u00f6nsten Museen der Welt, wie den Prado. Abendessen und <strong>\u00dcbernachtung in einem Hotel in Madrid<\/strong>.<\/p>\n\t\t\t\t\t\t\t\t<\/div>\n\t\t\t\t<\/div>\n\t\t\t\t\t<\/div>\n\t\t<\/div>\n\t\t\t\t\t<\/div>\n\t\t<\/section>\n\t\t\t\t<section class=\"elementor-section elementor-inner-section elementor-element elementor-element-7fcd917 elementor-section-boxed elementor-section-height-default elementor-section-height-default\" data-id=\"7fcd917\" data-element_type=\"section\" data-e-type=\"section\" data-settings=\"{&quot;background_background&quot;:&quot;classic&quot;}\">\n\t\t\t\t\t\t<div class=\"elementor-container elementor-column-gap-default\">\n\t\t\t\t\t<div class=\"elementor-column elementor-col-100 elementor-inner-column elementor-element elementor-element-fa71a66\" data-id=\"fa71a66\" data-element_type=\"column\" data-e-type=\"column\">\n\t\t\t<div class=\"elementor-widget-wrap elementor-element-populated\">\n\t\t\t\t\t\t<div class=\"elementor-element elementor-element-e4698ec elementor-widget elementor-widget-heading\" data-id=\"e4698ec\" data-element_type=\"widget\" data-e-type=\"widget\" data-widget_type=\"heading.default\">\n\t\t\t\t<div class=\"elementor-widget-container\">\n\t\t\t\t\t<h2 class=\"elementor-heading-title elementor-size-default\">TAG 02 - TECHNISCHE BESICHTIGUNGEN<\/h2>\t\t\t\t<\/div>\n\t\t\t\t<\/div>\n\t\t\t\t<div class=\"elementor-element elementor-element-148be81 elementor-widget elementor-widget-text-editor\" data-id=\"148be81\" data-element_type=\"widget\" data-e-type=\"widget\" data-widget_type=\"text-editor.default\">\n\t\t\t\t<div class=\"elementor-widget-container\">\n\t\t\t\t\t\t\t\t\t<p>Fr\u00fchst\u00fcck im Hotel. Ganzt\u00e4gige technische Besichtigungen &#8211; <strong>Unternehmen Discarlux, Projekt Finisterre<\/strong> und andere Unternehmen, die von Interesse sein k\u00f6nnten.<\/p>\n<p>Abendessen mit Fleischverkostung unter der Leitung eines erfahrenen &#8222;<strong>Fleischsommeliers<\/strong>&#8222;. \u00dcbernachtung in Madrid.<\/p>\n\t\t\t\t\t\t\t\t<\/div>\n\t\t\t\t<\/div>\n\t\t\t\t\t<\/div>\n\t\t<\/div>\n\t\t\t\t\t<\/div>\n\t\t<\/section>\n\t\t\t\t<section class=\"elementor-section elementor-inner-section elementor-element elementor-element-2eea3fb elementor-section-boxed elementor-section-height-default elementor-section-height-default\" data-id=\"2eea3fb\" data-element_type=\"section\" data-e-type=\"section\" data-settings=\"{&quot;background_background&quot;:&quot;classic&quot;}\">\n\t\t\t\t\t\t<div class=\"elementor-container elementor-column-gap-default\">\n\t\t\t\t\t<div class=\"elementor-column elementor-col-100 elementor-inner-column elementor-element elementor-element-8a2ec76\" data-id=\"8a2ec76\" data-element_type=\"column\" data-e-type=\"column\">\n\t\t\t<div class=\"elementor-widget-wrap elementor-element-populated\">\n\t\t\t\t\t\t<div class=\"elementor-element elementor-element-60d2398 elementor-widget elementor-widget-heading\" data-id=\"60d2398\" data-element_type=\"widget\" data-e-type=\"widget\" data-widget_type=\"heading.default\">\n\t\t\t\t<div class=\"elementor-widget-container\">\n\t\t\t\t\t<h2 class=\"elementor-heading-title elementor-size-default\">03 TAG -MADRID- TOLEDO<\/h2>\t\t\t\t<\/div>\n\t\t\t\t<\/div>\n\t\t\t\t<div class=\"elementor-element elementor-element-1e1431e elementor-widget elementor-widget-text-editor\" data-id=\"1e1431e\" data-element_type=\"widget\" data-e-type=\"widget\" data-widget_type=\"text-editor.default\">\n\t\t\t\t<div class=\"elementor-widget-container\">\n\t\t\t\t\t\t\t\t\t<p>Fr\u00fchst\u00fcck. Treffen mit dem <strong>spanischen interprofessionellen Rindfleischverband PROVACUNO:<\/strong><\/p>\n<p>Vorstellung des Rindfleischsektors in Spanien<br \/>\nRunder Tisch mit Vertretern des Sektors und der lokalen Verb\u00e4nde.<br \/>\nFragen und Vergleiche<\/p>\n<p>Nach der Veranstaltung wird eine Kaffeepause eingelegt, in der alle Teilnehmer die M\u00f6glichkeit haben, sich auszutauschen und berufliche Kontakte zu kn\u00fcpfen.<\/p>\n<p>Freies Mittagessen.<\/p>\n<p>Abfahrt nach <strong>Toledo<\/strong>, einer alten mittelalterlichen Festung, die auf einem H\u00fcgel thront. W\u00e4hrend der Besichtigung sehen Sie die Festung Alcazar (von au\u00dfen), die Kathedrale Santa Maria (Eintritt inklusive) und die Kirche Santo Tom\u00e9.<\/p>\n<p>Am Nachmittag kehren Sie nach Madrid zur\u00fcck.<\/p>\n<p>Der Abend ist einem <strong>typischen Abendessen gewidmet, begleitet von einer Flamenco-Show<\/strong> in einem der charakteristischsten Lokale der Stadt. \u00dcbernachtung in einem Hotel in Madrid.<\/p>\n\t\t\t\t\t\t\t\t<\/div>\n\t\t\t\t<\/div>\n\t\t\t\t\t<\/div>\n\t\t<\/div>\n\t\t\t\t\t<\/div>\n\t\t<\/section>\n\t\t\t\t<section class=\"elementor-section elementor-inner-section elementor-element elementor-element-f706991 elementor-section-boxed elementor-section-height-default elementor-section-height-default\" data-id=\"f706991\" data-element_type=\"section\" data-e-type=\"section\" data-settings=\"{&quot;background_background&quot;:&quot;classic&quot;}\">\n\t\t\t\t\t\t<div class=\"elementor-container elementor-column-gap-default\">\n\t\t\t\t\t<div class=\"elementor-column elementor-col-100 elementor-inner-column elementor-element elementor-element-b85848a\" data-id=\"b85848a\" data-element_type=\"column\" data-e-type=\"column\">\n\t\t\t<div class=\"elementor-widget-wrap elementor-element-populated\">\n\t\t\t\t\t\t<div class=\"elementor-element elementor-element-af2049c elementor-widget elementor-widget-heading\" data-id=\"af2049c\" data-element_type=\"widget\" data-e-type=\"widget\" data-widget_type=\"heading.default\">\n\t\t\t\t<div class=\"elementor-widget-container\">\n\t\t\t\t\t<h2 class=\"elementor-heading-title elementor-size-default\">04 TAG - MADRID\/ITALIEN<\/h2>\t\t\t\t<\/div>\n\t\t\t\t<\/div>\n\t\t\t\t<div class=\"elementor-element elementor-element-cb75d5b elementor-widget elementor-widget-text-editor\" data-id=\"cb75d5b\" data-element_type=\"widget\" data-e-type=\"widget\" data-widget_type=\"text-editor.default\">\n\t\t\t\t<div class=\"elementor-widget-container\">\n\t\t\t\t\t\t\t\t\t<p>Fr\u00fchst\u00fcck im Hotel und Vormittag zur freien Verf\u00fcgung f\u00fcr individuelle Besichtigungen und Aktivit\u00e4ten. Mittagessen zur freien Verf\u00fcgung und am fr\u00fchen Nachmittag Transfer mit dem Bus zum Flughafen. Einsteigen in den Linienflug nach Italien mit Ankunft am sp\u00e4ten Nachmittag.<\/p>\n\t\t\t\t\t\t\t\t<\/div>\n\t\t\t\t<\/div>\n\t\t\t\t\t<\/div>\n\t\t<\/div>\n\t\t\t\t\t<\/div>\n\t\t<\/section>\n\t\t\t\t\t<\/div>\n\t\t<\/div>\n\t\t\t\t\t<\/div>\n\t\t<\/section>\n\t\t\t\t<\/div>\n\t\t","protected":false},"excerpt":{"rendered":"<p>SPANIEN Eine Reise f\u00fcr neugierige Metzger und Fleischliebhaber Wichtige Punkte: Ort: London und Umgebung, Anreise per Flug \u00fcber London. Art der Reise: Begleitete landwirtschaftliche Studienreise, individuell gestaltbar. Aktivit\u00e4ten: 3-t\u00e4gige Tour mit privaten Einrichtungen, technischen und kulturellen Besichtigungen. Tempo: Langsam, nicht geeignet f\u00fcr Behinderte oder Mobilit\u00e4tseingeschr\u00e4nkte. Beste Reisezeit: April bis Oktober ZUSAMMENFASSUNG DES PAKETS Kurzer Studienaufenthalt [&hellip;]<\/p>\n","protected":false},"author":1,"featured_media":0,"parent":0,"menu_order":0,"comment_status":"closed","ping_status":"closed","template":"elementor_header_footer","meta":{"footnotes":""},"hf_cat_page":[89],"class_list":["post-7441","page","type-page","status-publish","hentry"],"_links":{"self":[{"href":"https:\/\/www.acquaforte.eu\/de\/wp-json\/wp\/v2\/pages\/7441","targetHints":{"allow":["GET"]}}],"collection":[{"href":"https:\/\/www.acquaforte.eu\/de\/wp-json\/wp\/v2\/pages"}],"about":[{"href":"https:\/\/www.acquaforte.eu\/de\/wp-json\/wp\/v2\/types\/page"}],"author":[{"embeddable":true,"href":"https:\/\/www.acquaforte.eu\/de\/wp-json\/wp\/v2\/users\/1"}],"replies":[{"embeddable":true,"href":"https:\/\/www.acquaforte.eu\/de\/wp-json\/wp\/v2\/comments?post=7441"}],"version-history":[{"count":1,"href":"https:\/\/www.acquaforte.eu\/de\/wp-json\/wp\/v2\/pages\/7441\/revisions"}],"predecessor-version":[{"id":7442,"href":"https:\/\/www.acquaforte.eu\/de\/wp-json\/wp\/v2\/pages\/7441\/revisions\/7442"}],"wp:attachment":[{"href":"https:\/\/www.acquaforte.eu\/de\/wp-json\/wp\/v2\/media?parent=7441"}],"wp:term":[{"taxonomy":"hf_cat_page","embeddable":true,"href":"https:\/\/www.acquaforte.eu\/de\/wp-json\/wp\/v2\/hf_cat_page?post=7441"}],"curies":[{"name":"wp","href":"https:\/\/api.w.org\/{rel}","templated":true}]}}