{"id":7234,"date":"2022-12-10T11:54:53","date_gmt":"2022-12-10T10:54:53","guid":{"rendered":"https:\/\/www.acquaforte.eu\/privacy-gdpr\/"},"modified":"2025-03-29T08:30:59","modified_gmt":"2025-03-29T07:30:59","slug":"privacy-gdpr","status":"publish","type":"page","link":"https:\/\/www.acquaforte.eu\/de\/privacy-gdpr\/","title":{"rendered":"Privacy GDPR"},"content":{"rendered":"\t\t<div data-elementor-type=\"wp-page\" data-elementor-id=\"7234\" class=\"elementor elementor-7234 elementor-4728\" data-elementor-post-type=\"page\">\n\t\t\t\t\t\t<section class=\"elementor-section elementor-top-section elementor-element elementor-element-6d1f10d elementor-section-boxed elementor-section-height-default elementor-section-height-default\" data-id=\"6d1f10d\" data-element_type=\"section\" data-e-type=\"section\">\n\t\t\t\t\t\t<div class=\"elementor-container elementor-column-gap-default\">\n\t\t\t\t\t<div class=\"elementor-column elementor-col-100 elementor-top-column elementor-element elementor-element-b008a09\" data-id=\"b008a09\" data-element_type=\"column\" data-e-type=\"column\">\n\t\t\t<div class=\"elementor-widget-wrap elementor-element-populated\">\n\t\t\t\t\t\t<div class=\"elementor-element elementor-element-0ddffc5 elementor-widget elementor-widget-heading\" data-id=\"0ddffc5\" data-element_type=\"widget\" data-e-type=\"widget\" data-widget_type=\"heading.default\">\n\t\t\t\t<div class=\"elementor-widget-container\">\n\t\t\t\t\t<h2 class=\"elementor-heading-title elementor-size-default\">Allgemeine Datenschutzverordnung (GDPR) - Verordnung (EU) 2016\/679<\/h2>\t\t\t\t<\/div>\n\t\t\t\t<\/div>\n\t\t\t\t\t<\/div>\n\t\t<\/div>\n\t\t\t\t\t<\/div>\n\t\t<\/section>\n\t\t\t\t<section class=\"elementor-section elementor-top-section elementor-element elementor-element-62955f2 elementor-section-boxed elementor-section-height-default elementor-section-height-default\" data-id=\"62955f2\" data-element_type=\"section\" data-e-type=\"section\">\n\t\t\t\t\t\t<div class=\"elementor-container elementor-column-gap-default\">\n\t\t\t\t\t<div class=\"elementor-column elementor-col-100 elementor-top-column elementor-element elementor-element-d218569\" data-id=\"d218569\" data-element_type=\"column\" data-e-type=\"column\">\n\t\t\t<div class=\"elementor-widget-wrap elementor-element-populated\">\n\t\t\t\t\t\t<div class=\"elementor-element elementor-element-03c8b6a elementor-widget elementor-widget-text-editor\" data-id=\"03c8b6a\" data-element_type=\"widget\" data-e-type=\"widget\" data-widget_type=\"text-editor.default\">\n\t\t\t\t<div class=\"elementor-widget-container\">\n\t\t\t\t\t\t\t\t\t<p><strong>Vorwort<\/strong><\/p><p>Alice s.r.l. erachtet den Schutz und den respektvollen Umgang mit personenbezogenen Daten als von grundlegender Bedeutung. Auf dieser Seite finden Sie die wichtigsten Hinweise, die f\u00fcr die betroffenen Personen erstellt und auf die neueste verf\u00fcgbare Version aktualisiert wurden.<br \/>F\u00fcr weitere Informationen oder Erkl\u00e4rungen zu diesen Hinweisen oder allgemein zur von Alice s.r.l. durchgef\u00fchrten Datenverarbeitung wenden Sie sich bitte an die E-Mail-Adresse <a href=\"mailto:privacy@acquaforte.eu\">privacy@acquaforte.eu<\/a>.<\/p>\t\t\t\t\t\t\t\t<\/div>\n\t\t\t\t<\/div>\n\t\t\t\t\t<\/div>\n\t\t<\/div>\n\t\t\t\t\t<\/div>\n\t\t<\/section>\n\t\t\t\t<section class=\"elementor-section elementor-top-section elementor-element elementor-element-89ef6fd elementor-section-boxed elementor-section-height-default elementor-section-height-default\" data-id=\"89ef6fd\" data-element_type=\"section\" data-e-type=\"section\">\n\t\t\t\t\t\t<div class=\"elementor-container elementor-column-gap-default\">\n\t\t\t\t\t<div class=\"elementor-column elementor-col-100 elementor-top-column elementor-element elementor-element-96e4a6d\" data-id=\"96e4a6d\" data-element_type=\"column\" data-e-type=\"column\">\n\t\t\t<div class=\"elementor-widget-wrap elementor-element-populated\">\n\t\t\t\t\t\t<div class=\"elementor-element elementor-element-c8c533a elementor-widget elementor-widget-text-editor\" data-id=\"c8c533a\" data-element_type=\"widget\" data-e-type=\"widget\" data-widget_type=\"text-editor.default\">\n\t\t\t\t<div class=\"elementor-widget-container\">\n\t\t\t\t\t\t\t\t\t<p>\u00a0<\/p><table><tbody><tr><td width=\"50%\">Website\u00a0 Surfers\u2019 Privacy Policy<\/td><td width=\"50%\"><a href=\"https:\/\/www.privacylab.it\/informativa.php?10929491559&amp;lang=en\" target=\"_blank\" rel=\"nofollow noopener sponsored\">https:\/\/www.privacylab.it\/informativa.php?10929491559&amp;lang=en<\/a><\/td><\/tr><tr><td width=\"50%\">Customer Privacy Policy<\/td><td width=\"50%\"><a href=\"https:\/\/www.privacylab.it\/informativa.php?10929492753&amp;lang=en\" target=\"_blank\" rel=\"nofollow noopener sponsored\">https:\/\/www.privacylab.it\/informativa.php?10929492753&amp;lang=en<\/a><\/td><\/tr><tr><td width=\"50%\"><p>Job Applicant\u2019s Privacy Policy<\/p><\/td><td width=\"50%\"><a href=\"https:\/\/www.privacylab.it\/informativa.php?10929359290&amp;lang=en\" target=\"_blank\" rel=\"nofollow noopener sponsored\">https:\/\/www.privacylab.it\/informativa.php?10929359290&amp;lang=en<\/a><\/td><\/tr><tr><td width=\"50%\">Tour guides\u2019 Privacy Policy<\/td><td width=\"50%\"><a href=\"https:\/\/www.privacylab.it\/informativa.php?10929491910&amp;lang=en\" target=\"_blank\" rel=\"nofollow noopener sponsored\">https:\/\/www.privacylab.it\/informativa.php?10929491910&amp;lang=en<\/a><\/td><\/tr><tr><td width=\"50%\">Customer Companies Representatives Privacy Policy<\/td><td width=\"50%\"><a href=\"https:\/\/www.privacylab.it\/informativa.php?10929349445&amp;lang=en\" target=\"_blank\" rel=\"nofollow noopener sponsored\">https:\/\/www.privacylab.it\/informativa.php?10929349445&amp;lang=en<\/a><\/td><\/tr><tr><td width=\"50%\"><p>Suppliers Privacy Policy<\/p><\/td><td width=\"50%\"><a href=\"https:\/\/www.privacylab.it\/informativa.php?10929359288&amp;lang=en\" target=\"_blank\" rel=\"nofollow noopener sponsored\">https:\/\/www.privacylab.it\/informativa.php?10929359288&amp;lang=en<\/a><\/td><\/tr><\/tbody><\/table>\t\t\t\t\t\t\t\t<\/div>\n\t\t\t\t<\/div>\n\t\t\t\t\t<\/div>\n\t\t<\/div>\n\t\t\t\t\t<\/div>\n\t\t<\/section>\n\t\t\t\t<section class=\"elementor-section elementor-top-section elementor-element elementor-element-3fd6be1 elementor-section-boxed elementor-section-height-default elementor-section-height-default\" data-id=\"3fd6be1\" data-element_type=\"section\" data-e-type=\"section\">\n\t\t\t\t\t\t<div class=\"elementor-container elementor-column-gap-default\">\n\t\t\t\t\t<div class=\"elementor-column elementor-col-100 elementor-top-column elementor-element elementor-element-0e0f926\" data-id=\"0e0f926\" data-element_type=\"column\" data-e-type=\"column\">\n\t\t\t<div class=\"elementor-widget-wrap elementor-element-populated\">\n\t\t\t\t\t\t<div class=\"elementor-element elementor-element-e54d956 elementor-widget elementor-widget-text-editor\" data-id=\"e54d956\" data-element_type=\"widget\" data-e-type=\"widget\" data-widget_type=\"text-editor.default\">\n\t\t\t\t<div class=\"elementor-widget-container\">\n\t\t\t\t\t\t\t\t\t\nErnennung des Datenverarbeiters: Anhang 1 <a href=\"https:\/\/www.acquaforte.eu\/wp-content\/uploads\/Nomina_Responsabile_Servizio_Turistico.pdf\" target=\"_blank\" rel=\"nofollow noopener sponsored\">Nomina_Responsabile_Servizio_Turistico<\/a>\t\t\t\t\t\t\t\t<\/div>\n\t\t\t\t<\/div>\n\t\t\t\t\t<\/div>\n\t\t<\/div>\n\t\t\t\t\t<\/div>\n\t\t<\/section>\n\t\t\t\t<\/div>\n\t\t","protected":false},"excerpt":{"rendered":"<p>Allgemeine Datenschutzverordnung (GDPR) &#8211; Verordnung (EU) 2016\/679 Vorwort Alice s.r.l. erachtet den Schutz und den respektvollen Umgang mit personenbezogenen Daten als von grundlegender Bedeutung. Auf dieser Seite finden Sie die wichtigsten Hinweise, die f\u00fcr die betroffenen Personen erstellt und auf die neueste verf\u00fcgbare Version aktualisiert wurden.F\u00fcr weitere Informationen oder Erkl\u00e4rungen zu diesen Hinweisen oder allgemein [&hellip;]<\/p>\n","protected":false},"author":1,"featured_media":0,"parent":0,"menu_order":0,"comment_status":"closed","ping_status":"closed","template":"elementor_header_footer","meta":{"footnotes":""},"hf_cat_page":[42],"class_list":["post-7234","page","type-page","status-publish","hentry"],"_links":{"self":[{"href":"https:\/\/www.acquaforte.eu\/de\/wp-json\/wp\/v2\/pages\/7234","targetHints":{"allow":["GET"]}}],"collection":[{"href":"https:\/\/www.acquaforte.eu\/de\/wp-json\/wp\/v2\/pages"}],"about":[{"href":"https:\/\/www.acquaforte.eu\/de\/wp-json\/wp\/v2\/types\/page"}],"author":[{"embeddable":true,"href":"https:\/\/www.acquaforte.eu\/de\/wp-json\/wp\/v2\/users\/1"}],"replies":[{"embeddable":true,"href":"https:\/\/www.acquaforte.eu\/de\/wp-json\/wp\/v2\/comments?post=7234"}],"version-history":[{"count":4,"href":"https:\/\/www.acquaforte.eu\/de\/wp-json\/wp\/v2\/pages\/7234\/revisions"}],"predecessor-version":[{"id":9598,"href":"https:\/\/www.acquaforte.eu\/de\/wp-json\/wp\/v2\/pages\/7234\/revisions\/9598"}],"wp:attachment":[{"href":"https:\/\/www.acquaforte.eu\/de\/wp-json\/wp\/v2\/media?parent=7234"}],"wp:term":[{"taxonomy":"hf_cat_page","embeddable":true,"href":"https:\/\/www.acquaforte.eu\/de\/wp-json\/wp\/v2\/hf_cat_page?post=7234"}],"curies":[{"name":"wp","href":"https:\/\/api.w.org\/{rel}","templated":true}]}}